{"id":181,"date":"2024-08-11T12:22:59","date_gmt":"2024-08-11T12:22:59","guid":{"rendered":"https:\/\/alfarerialuz.com\/producto\/horno-de-lena-tradicional\/"},"modified":"2025-08-18T17:26:09","modified_gmt":"2025-08-18T17:26:09","slug":"horno-de-lena-tradicional","status":"publish","type":"product","link":"https:\/\/alfarerialuz.com\/en\/producto\/horno-de-lena-tradicional\/","title":{"rendered":"Horno de Le\u00f1a Tradicional"},"content":{"rendered":"","protected":false},"excerpt":{"rendered":"<p>Horno de le\u00f1a artesanal ideal para pizzas, panes y carnes.<\/p>\n","protected":false},"featured_media":182,"comment_status":"open","ping_status":"closed","template":"","meta":{"_acf_changed":false,"iawp_total_views":5},"marca":[20,38],"product_brand":[],"product_cat":[35,25],"product_tag":[22,23,24],"class_list":{"0":"post-181","1":"product","2":"type-product","3":"status-publish","4":"has-post-thumbnail","6":"marca-alfareria-luz","7":"marca-pereruela-tradicion","8":"product_cat-cocina","9":"product_cat-hornos","10":"product_tag-tag1","11":"product_tag-tag2","12":"product_tag-tag3","14":"first","15":"instock","16":"sale","17":"shipping-taxable","18":"purchasable","19":"product-type-simple"},"acf":[],"yoast_head":"<!-- This site is optimized with the Yoast SEO plugin v27.4 - https:\/\/yoast.com\/product\/yoast-seo-wordpress\/ -->\n<title>Horno de Le\u00f1a Tradicional - Ofertas Alfareria Luz<\/title>\n<meta name=\"description\" content=\"Descubre el horno de le\u00f1a tradicional ideal para pizzas y panes. Oferta especial: antes 469,00 \u20ac, ahora 117,25 \u20ac. Env\u00edo gratis y 100 d\u00edas de devoluci\u00f3n.\" \/>\n<meta name=\"robots\" content=\"index, follow, max-snippet:-1, max-image-preview:large, max-video-preview:-1\" \/>\n<link rel=\"canonical\" href=\"https:\/\/alfarerialuz.com\/en\/producto\/horno-de-lena-tradicional\/\" \/>\n<meta property=\"og:locale\" content=\"en_US\" \/>\n<meta property=\"og:type\" content=\"article\" \/>\n<meta property=\"og:title\" content=\"Horno de Le\u00f1a Tradicional - Ofertas Alfareria Luz\" \/>\n<meta property=\"og:description\" content=\"Descubre el horno de le\u00f1a tradicional ideal para pizzas y panes. Oferta especial: antes 469,00 \u20ac, ahora 117,25 \u20ac. Env\u00edo gratis y 100 d\u00edas de devoluci\u00f3n.\" \/>\n<meta property=\"og:url\" content=\"https:\/\/alfarerialuz.com\/en\/producto\/horno-de-lena-tradicional\/\" \/>\n<meta property=\"og:site_name\" content=\"Alfareria Luz\" \/>\n<meta property=\"article:modified_time\" content=\"2025-08-18T17:26:09+00:00\" \/>\n<meta property=\"og:image\" content=\"https:\/\/alfarerialuz.com\/wp-content\/uploads\/2024\/08\/Default_Una_imagen_de_un_horno_de_lea_artesanal_hecho_de_barro_0.jpg\" \/>\n\t<meta property=\"og:image:width\" content=\"1792\" \/>\n\t<meta property=\"og:image:height\" content=\"1456\" \/>\n\t<meta property=\"og:image:type\" content=\"image\/jpeg\" \/>\n<meta name=\"twitter:card\" content=\"summary_large_image\" \/>\n<!-- \/ Yoast SEO plugin. -->","yoast_head_json":{"title":"Horno de Le\u00f1a Tradicional - Ofertas Alfareria Luz","description":"Descubre el horno de le\u00f1a tradicional ideal para pizzas y panes. Oferta especial: antes 469,00 \u20ac, ahora 117,25 \u20ac. Env\u00edo gratis y 100 d\u00edas de devoluci\u00f3n.","robots":{"index":"index","follow":"follow","max-snippet":"max-snippet:-1","max-image-preview":"max-image-preview:large","max-video-preview":"max-video-preview:-1"},"canonical":"https:\/\/alfarerialuz.com\/en\/producto\/horno-de-lena-tradicional\/","og_locale":"en_US","og_type":"article","og_title":"Horno de Le\u00f1a Tradicional - Ofertas Alfareria Luz","og_description":"Descubre el horno de le\u00f1a tradicional ideal para pizzas y panes. Oferta especial: antes 469,00 \u20ac, ahora 117,25 \u20ac. Env\u00edo gratis y 100 d\u00edas de devoluci\u00f3n.","og_url":"https:\/\/alfarerialuz.com\/en\/producto\/horno-de-lena-tradicional\/","og_site_name":"Alfareria Luz","article_modified_time":"2025-08-18T17:26:09+00:00","og_image":[{"width":1792,"height":1456,"url":"https:\/\/alfarerialuz.com\/wp-content\/uploads\/2024\/08\/Default_Una_imagen_de_un_horno_de_lea_artesanal_hecho_de_barro_0.jpg","type":"image\/jpeg"}],"twitter_card":"summary_large_image","schema":{"@context":"https:\/\/schema.org","@graph":[{"@type":"WebPage","@id":"https:\/\/alfarerialuz.com\/en\/producto\/horno-de-lena-tradicional\/","url":"https:\/\/alfarerialuz.com\/en\/producto\/horno-de-lena-tradicional\/","name":"Horno de Le\u00f1a Tradicional - Ofertas Alfareria Luz","isPartOf":{"@id":"https:\/\/alfarerialuz.com\/en\/#website"},"primaryImageOfPage":{"@id":"https:\/\/alfarerialuz.com\/en\/producto\/horno-de-lena-tradicional\/#primaryimage"},"image":{"@id":"https:\/\/alfarerialuz.com\/en\/producto\/horno-de-lena-tradicional\/#primaryimage"},"thumbnailUrl":"https:\/\/alfarerialuz.com\/wp-content\/uploads\/2024\/08\/Default_Una_imagen_de_un_horno_de_lea_artesanal_hecho_de_barro_0.jpg","datePublished":"2024-08-11T12:22:59+00:00","dateModified":"2025-08-18T17:26:09+00:00","description":"Descubre el horno de le\u00f1a tradicional ideal para pizzas y panes. Oferta especial: antes 469,00 \u20ac, ahora 117,25 \u20ac. Env\u00edo gratis y 100 d\u00edas de devoluci\u00f3n.","breadcrumb":{"@id":"https:\/\/alfarerialuz.com\/en\/producto\/horno-de-lena-tradicional\/#breadcrumb"},"inLanguage":"en-US","potentialAction":[{"@type":"ReadAction","target":["https:\/\/alfarerialuz.com\/en\/producto\/horno-de-lena-tradicional\/"]}]},{"@type":"ImageObject","inLanguage":"en-US","@id":"https:\/\/alfarerialuz.com\/en\/producto\/horno-de-lena-tradicional\/#primaryimage","url":"https:\/\/alfarerialuz.com\/wp-content\/uploads\/2024\/08\/Default_Una_imagen_de_un_horno_de_lea_artesanal_hecho_de_barro_0.jpg","contentUrl":"https:\/\/alfarerialuz.com\/wp-content\/uploads\/2024\/08\/Default_Una_imagen_de_un_horno_de_lea_artesanal_hecho_de_barro_0.jpg","width":1792,"height":1456},{"@type":"BreadcrumbList","@id":"https:\/\/alfarerialuz.com\/en\/producto\/horno-de-lena-tradicional\/#breadcrumb","itemListElement":[{"@type":"ListItem","position":1,"name":"Portada","item":"https:\/\/alfarerialuz.com\/en\/"},{"@type":"ListItem","position":2,"name":"Products","item":"https:\/\/alfarerialuz.com\/en\/shop\/"},{"@type":"ListItem","position":3,"name":"Horno de Le\u00f1a Tradicional"}]},{"@type":"WebSite","@id":"https:\/\/alfarerialuz.com\/en\/#website","url":"https:\/\/alfarerialuz.com\/en\/","name":"Alfareria Luz","description":"","publisher":{"@id":"https:\/\/alfarerialuz.com\/en\/#organization"},"potentialAction":[{"@type":"SearchAction","target":{"@type":"EntryPoint","urlTemplate":"https:\/\/alfarerialuz.com\/en\/?s={search_term_string}"},"query-input":{"@type":"PropertyValueSpecification","valueRequired":true,"valueName":"search_term_string"}}],"inLanguage":"en-US"},{"@type":"Organization","@id":"https:\/\/alfarerialuz.com\/en\/#organization","name":"Alfareria Luz","url":"https:\/\/alfarerialuz.com\/en\/","logo":{"@type":"ImageObject","inLanguage":"en-US","@id":"https:\/\/alfarerialuz.com\/en\/#\/schema\/logo\/image\/","url":"https:\/\/alfarerialuz.com\/wp-content\/uploads\/2024\/08\/66b89bd598f46_Alfarerialuz.png","contentUrl":"https:\/\/alfarerialuz.com\/wp-content\/uploads\/2024\/08\/66b89bd598f46_Alfarerialuz.png","width":740,"height":740,"caption":"Alfareria Luz"},"image":{"@id":"https:\/\/alfarerialuz.com\/en\/#\/schema\/logo\/image\/"}}]}},"_links":{"self":[{"href":"https:\/\/alfarerialuz.com\/en\/wp-json\/wp\/v2\/product\/181","targetHints":{"allow":["GET"]}}],"collection":[{"href":"https:\/\/alfarerialuz.com\/en\/wp-json\/wp\/v2\/product"}],"about":[{"href":"https:\/\/alfarerialuz.com\/en\/wp-json\/wp\/v2\/types\/product"}],"replies":[{"embeddable":true,"href":"https:\/\/alfarerialuz.com\/en\/wp-json\/wp\/v2\/comments?post=181"}],"wp:featuredmedia":[{"embeddable":true,"href":"https:\/\/alfarerialuz.com\/en\/wp-json\/wp\/v2\/media\/182"}],"wp:attachment":[{"href":"https:\/\/alfarerialuz.com\/en\/wp-json\/wp\/v2\/media?parent=181"}],"wp:term":[{"taxonomy":"marca","embeddable":true,"href":"https:\/\/alfarerialuz.com\/en\/wp-json\/wp\/v2\/marca?post=181"},{"taxonomy":"product_brand","embeddable":true,"href":"https:\/\/alfarerialuz.com\/en\/wp-json\/wp\/v2\/product_brand?post=181"},{"taxonomy":"product_cat","embeddable":true,"href":"https:\/\/alfarerialuz.com\/en\/wp-json\/wp\/v2\/product_cat?post=181"},{"taxonomy":"product_tag","embeddable":true,"href":"https:\/\/alfarerialuz.com\/en\/wp-json\/wp\/v2\/product_tag?post=181"}],"curies":[{"name":"wp","href":"https:\/\/api.w.org\/{rel}","templated":true}]}}